{"id":17353,"date":"2020-09-09T23:35:29","date_gmt":"2020-09-09T23:35:29","guid":{"rendered":"http:\/\/sexoyputasmonterrey.com\/?page_id=17353"},"modified":"2020-09-09T23:35:31","modified_gmt":"2020-09-09T23:35:31","slug":"servicios-y-costos","status":"publish","type":"page","link":"https:\/\/vecinitasregias.com\/index.php\/servicios-y-costos\/","title":{"rendered":"Servicios y Costos"},"content":{"rendered":"\n<p>Nuestras <strong>Escorts en Monterrey<\/strong> ofrecen todos los servicios Los servicios son de 1.5 horas y los costos por servicio var\u00edan dependiendo la categor\u00eda: &nbsp;<\/p>\n\n\n\n<p><strong>Vecinitas A:<\/strong> 1600 1.30 horas<br><strong>Vecinitas B: <\/strong>1900 1.30 horas<br><strong>Vecinitas C: <\/strong>2500 Y 3500 1.30 horas<br><strong>PH:<\/strong> 4000 y 5000 1.30 horas y 2 horas<\/p>\n\n\n\n<p><strong>Los servicios adicionales tienen costo extra (anal, oral terminado y lesbian).<\/strong><\/p>\n","protected":false},"excerpt":{"rendered":"<p>Nuestras Escorts en Monterrey ofrecen todos los servicios Los servicios son de 1.5 horas y los costos por servicio var\u00edan dependiendo la categor\u00eda: &nbsp; Vecinitas A: 1600 1.30 horasVecinitas B: 1900 1.30 horasVecinitas C: 2500 Y 3500 1.30 horasPH: 4000 y 5000 1.30 horas y 2 horas Los servicios adicionales tienen costo extra (anal, oral [&hellip;]<\/p>\n","protected":false},"author":1,"featured_media":0,"parent":0,"menu_order":0,"comment_status":"closed","ping_status":"closed","template":"","meta":{"spay_email":""},"yoast_head":"<!-- This site is optimized with the Yoast SEO plugin v14.9 - https:\/\/yoast.com\/wordpress\/plugins\/seo\/ -->\n<title>Servicios y Costos &bull; Vecinitas Regias: Escorts en Monterrey. Conoce el Mejor servicio de scorts regias!<\/title>\n<meta name=\"description\" content=\"Aqu\u00ed encontrar\u00e1s las mejores escorts en Monterrey amateurs e independientes con servicios de acompa\u00f1amiento para todos los gustos. 100% reales y confiables.\" \/>\n<meta name=\"robots\" content=\"index, follow, max-snippet:-1, max-image-preview:large, max-video-preview:-1\" \/>\n<link rel=\"canonical\" href=\"http:\/\/sexoyputasmonterrey.com\/index.php\/servicios-y-costos\/\" \/>\n<meta property=\"og:locale\" content=\"es_ES\" \/>\n<meta property=\"og:type\" content=\"article\" \/>\n<meta property=\"og:title\" content=\"Servicios y Costos &bull; Vecinitas Regias: Escorts en Monterrey. Conoce el Mejor servicio de scorts regias!\" \/>\n<meta property=\"og:description\" content=\"Aqu\u00ed encontrar\u00e1s las mejores escorts en Monterrey amateurs e independientes con servicios de acompa\u00f1amiento para todos los gustos. 100% reales y confiables.\" \/>\n<meta property=\"og:url\" content=\"http:\/\/sexoyputasmonterrey.com\/index.php\/servicios-y-costos\/\" \/>\n<meta property=\"og:site_name\" content=\"Vecinitas Regias: Escorts en Monterrey. Conoce el Mejor servicio de scorts regias!\" \/>\n<meta property=\"article:modified_time\" content=\"2020-09-09T23:35:31+00:00\" \/>\n<meta name=\"twitter:card\" content=\"summary_large_image\" \/>\n<script type=\"application\/ld+json\" class=\"yoast-schema-graph\">{\"@context\":\"https:\/\/schema.org\",\"@graph\":[{\"@type\":\"Organization\",\"@id\":\"https:\/\/vecinitasregias.com\/#organization\",\"name\":\"Vecinitas Regias\",\"url\":\"https:\/\/vecinitasregias.com\/\",\"sameAs\":[],\"logo\":{\"@type\":\"ImageObject\",\"@id\":\"https:\/\/vecinitasregias.com\/#logo\",\"inLanguage\":\"es\",\"url\":\"https:\/\/vecinitasregias.com\/wp-content\/uploads\/2020\/09\/logo-vecinitas-regias.png\",\"width\":255,\"height\":93,\"caption\":\"Vecinitas Regias\"},\"image\":{\"@id\":\"https:\/\/vecinitasregias.com\/#logo\"}},{\"@type\":\"WebSite\",\"@id\":\"https:\/\/vecinitasregias.com\/#website\",\"url\":\"https:\/\/vecinitasregias.com\/\",\"name\":\"Vecinitas Regias: Escorts en Monterrey. Conoce el Mejor servicio de scorts regias!\",\"description\":\"Putas, teens, amateur, milfs y mucho m\\u00e1s a tu disposici\\u00f3n\",\"publisher\":{\"@id\":\"https:\/\/vecinitasregias.com\/#organization\"},\"potentialAction\":[{\"@type\":\"SearchAction\",\"target\":\"https:\/\/vecinitasregias.com\/?s={search_term_string}\",\"query-input\":\"required name=search_term_string\"}],\"inLanguage\":\"es\"},{\"@type\":\"WebPage\",\"@id\":\"http:\/\/sexoyputasmonterrey.com\/index.php\/servicios-y-costos\/#webpage\",\"url\":\"http:\/\/sexoyputasmonterrey.com\/index.php\/servicios-y-costos\/\",\"name\":\"Servicios y Costos &bull; Vecinitas Regias: Escorts en Monterrey. Conoce el Mejor servicio de scorts regias!\",\"isPartOf\":{\"@id\":\"https:\/\/vecinitasregias.com\/#website\"},\"datePublished\":\"2020-09-09T23:35:29+00:00\",\"dateModified\":\"2020-09-09T23:35:31+00:00\",\"description\":\"Aqu\\u00ed encontrar\\u00e1s las mejores escorts en Monterrey amateurs e independientes con servicios de acompa\\u00f1amiento para todos los gustos. 100% reales y confiables.\",\"inLanguage\":\"es\",\"potentialAction\":[{\"@type\":\"ReadAction\",\"target\":[\"http:\/\/sexoyputasmonterrey.com\/index.php\/servicios-y-costos\/\"]}]}]}<\/script>\n<!-- \/ Yoast SEO plugin. -->","_links":{"self":[{"href":"https:\/\/vecinitasregias.com\/index.php\/wp-json\/wp\/v2\/pages\/17353"}],"collection":[{"href":"https:\/\/vecinitasregias.com\/index.php\/wp-json\/wp\/v2\/pages"}],"about":[{"href":"https:\/\/vecinitasregias.com\/index.php\/wp-json\/wp\/v2\/types\/page"}],"author":[{"embeddable":true,"href":"https:\/\/vecinitasregias.com\/index.php\/wp-json\/wp\/v2\/users\/1"}],"replies":[{"embeddable":true,"href":"https:\/\/vecinitasregias.com\/index.php\/wp-json\/wp\/v2\/comments?post=17353"}],"version-history":[{"count":1,"href":"https:\/\/vecinitasregias.com\/index.php\/wp-json\/wp\/v2\/pages\/17353\/revisions"}],"predecessor-version":[{"id":17354,"href":"https:\/\/vecinitasregias.com\/index.php\/wp-json\/wp\/v2\/pages\/17353\/revisions\/17354"}],"wp:attachment":[{"href":"https:\/\/vecinitasregias.com\/index.php\/wp-json\/wp\/v2\/media?parent=17353"}],"curies":[{"name":"wp","href":"https:\/\/api.w.org\/{rel}","templated":true}]}}