{"id":17363,"date":"2020-09-11T22:45:34","date_gmt":"2020-09-11T22:45:34","guid":{"rendered":"http:\/\/sexoyputasmonterrey.com\/?page_id=17363"},"modified":"2020-09-21T21:46:41","modified_gmt":"2020-09-21T21:46:41","slug":"contacto","status":"publish","type":"page","link":"https:\/\/vecinitasregias.com\/index.php\/contacto\/","title":{"rendered":"Contacto"},"content":{"rendered":"\n<p>Ya elegiste a tu vecinita favorita y quieres pasar un momento INOLVIDABLE con ella? \u00a1Cont\u00e1ctanos por tel\u00e9fono, mail, whatsapp y messenger!<\/p>\n\n\n\n<p><strong>Cel\u00a0 y Whatsapp: (81) 2291 2032,<\/strong> <strong>(81) 2310 5237 y (81)26673052<br><\/strong><\/p>\n\n\n\n<p>Email y Messenger: vecinitasregias@gmail.com<\/p>\n\n\n\n<p>-Vecinitas Regias- Directorio de Escorts Independientes en Monterrey<\/p>\n","protected":false},"excerpt":{"rendered":"<p>Ya elegiste a tu vecinita favorita y quieres pasar un momento INOLVIDABLE con ella? \u00a1Cont\u00e1ctanos por tel\u00e9fono, mail, whatsapp y messenger! Cel\u00a0 y Whatsapp: (81) 2291 2032, (81) 2310 5237 y (81)26673052 Email y Messenger: vecinitasregias@gmail.com -Vecinitas Regias- Directorio de Escorts Independientes en Monterrey<\/p>\n","protected":false},"author":1,"featured_media":0,"parent":0,"menu_order":0,"comment_status":"closed","ping_status":"closed","template":"","meta":{"spay_email":""},"yoast_head":"<!-- This site is optimized with the Yoast SEO plugin v14.9 - https:\/\/yoast.com\/wordpress\/plugins\/seo\/ -->\n<title>Contacto &bull; Vecinitas Regias: Escorts en Monterrey. Conoce el Mejor servicio de scorts regias!<\/title>\n<meta name=\"description\" content=\"Aqu\u00ed encontrar\u00e1s las mejores escorts en Monterrey amateurs e independientes con servicios de acompa\u00f1amiento para todos los gustos. 100% reales y confiables.\" \/>\n<meta name=\"robots\" content=\"index, follow, max-snippet:-1, max-image-preview:large, max-video-preview:-1\" \/>\n<link rel=\"canonical\" href=\"http:\/\/sexoyputasmonterrey.com\/index.php\/contacto\/\" \/>\n<meta property=\"og:locale\" content=\"es_ES\" \/>\n<meta property=\"og:type\" content=\"article\" \/>\n<meta property=\"og:title\" content=\"Contacto &bull; Vecinitas Regias: Escorts en Monterrey. Conoce el Mejor servicio de scorts regias!\" \/>\n<meta property=\"og:description\" content=\"Aqu\u00ed encontrar\u00e1s las mejores escorts en Monterrey amateurs e independientes con servicios de acompa\u00f1amiento para todos los gustos. 100% reales y confiables.\" \/>\n<meta property=\"og:url\" content=\"http:\/\/sexoyputasmonterrey.com\/index.php\/contacto\/\" \/>\n<meta property=\"og:site_name\" content=\"Vecinitas Regias: Escorts en Monterrey. Conoce el Mejor servicio de scorts regias!\" \/>\n<meta property=\"article:modified_time\" content=\"2020-09-21T21:46:41+00:00\" \/>\n<meta name=\"twitter:card\" content=\"summary_large_image\" \/>\n<script type=\"application\/ld+json\" class=\"yoast-schema-graph\">{\"@context\":\"https:\/\/schema.org\",\"@graph\":[{\"@type\":\"Organization\",\"@id\":\"https:\/\/vecinitasregias.com\/#organization\",\"name\":\"Vecinitas Regias\",\"url\":\"https:\/\/vecinitasregias.com\/\",\"sameAs\":[],\"logo\":{\"@type\":\"ImageObject\",\"@id\":\"https:\/\/vecinitasregias.com\/#logo\",\"inLanguage\":\"es\",\"url\":\"https:\/\/vecinitasregias.com\/wp-content\/uploads\/2020\/09\/logo-vecinitas-regias.png\",\"width\":255,\"height\":93,\"caption\":\"Vecinitas Regias\"},\"image\":{\"@id\":\"https:\/\/vecinitasregias.com\/#logo\"}},{\"@type\":\"WebSite\",\"@id\":\"https:\/\/vecinitasregias.com\/#website\",\"url\":\"https:\/\/vecinitasregias.com\/\",\"name\":\"Vecinitas Regias: Escorts en Monterrey. Conoce el Mejor servicio de scorts regias!\",\"description\":\"Putas, teens, amateur, milfs y mucho m\\u00e1s a tu disposici\\u00f3n\",\"publisher\":{\"@id\":\"https:\/\/vecinitasregias.com\/#organization\"},\"potentialAction\":[{\"@type\":\"SearchAction\",\"target\":\"https:\/\/vecinitasregias.com\/?s={search_term_string}\",\"query-input\":\"required name=search_term_string\"}],\"inLanguage\":\"es\"},{\"@type\":\"WebPage\",\"@id\":\"http:\/\/sexoyputasmonterrey.com\/index.php\/contacto\/#webpage\",\"url\":\"http:\/\/sexoyputasmonterrey.com\/index.php\/contacto\/\",\"name\":\"Contacto &bull; Vecinitas Regias: Escorts en Monterrey. Conoce el Mejor servicio de scorts regias!\",\"isPartOf\":{\"@id\":\"https:\/\/vecinitasregias.com\/#website\"},\"datePublished\":\"2020-09-11T22:45:34+00:00\",\"dateModified\":\"2020-09-21T21:46:41+00:00\",\"description\":\"Aqu\\u00ed encontrar\\u00e1s las mejores escorts en Monterrey amateurs e independientes con servicios de acompa\\u00f1amiento para todos los gustos. 100% reales y confiables.\",\"inLanguage\":\"es\",\"potentialAction\":[{\"@type\":\"ReadAction\",\"target\":[\"http:\/\/sexoyputasmonterrey.com\/index.php\/contacto\/\"]}]}]}<\/script>\n<!-- \/ Yoast SEO plugin. -->","_links":{"self":[{"href":"https:\/\/vecinitasregias.com\/index.php\/wp-json\/wp\/v2\/pages\/17363"}],"collection":[{"href":"https:\/\/vecinitasregias.com\/index.php\/wp-json\/wp\/v2\/pages"}],"about":[{"href":"https:\/\/vecinitasregias.com\/index.php\/wp-json\/wp\/v2\/types\/page"}],"author":[{"embeddable":true,"href":"https:\/\/vecinitasregias.com\/index.php\/wp-json\/wp\/v2\/users\/1"}],"replies":[{"embeddable":true,"href":"https:\/\/vecinitasregias.com\/index.php\/wp-json\/wp\/v2\/comments?post=17363"}],"version-history":[{"count":2,"href":"https:\/\/vecinitasregias.com\/index.php\/wp-json\/wp\/v2\/pages\/17363\/revisions"}],"predecessor-version":[{"id":17955,"href":"https:\/\/vecinitasregias.com\/index.php\/wp-json\/wp\/v2\/pages\/17363\/revisions\/17955"}],"wp:attachment":[{"href":"https:\/\/vecinitasregias.com\/index.php\/wp-json\/wp\/v2\/media?parent=17363"}],"curies":[{"name":"wp","href":"https:\/\/api.w.org\/{rel}","templated":true}]}}