{"id":19101,"date":"2020-12-22T14:06:50","date_gmt":"2020-12-22T20:06:50","guid":{"rendered":"http:\/\/sexoyputasmonterrey.com\/?page_id=19101"},"modified":"2020-12-22T14:13:19","modified_gmt":"2020-12-22T20:13:19","slug":"terminos-y-condiciones","status":"publish","type":"page","link":"https:\/\/vecinitasregias.com\/index.php\/terminos-y-condiciones\/","title":{"rendered":"T\u00e9rminos y Condiciones"},"content":{"rendered":"\n<p><strong>TERMINOS Y CONDICIONES<\/strong><\/p>\n\n\n\n<p>QUIEN INGRESE A ESTA P\u00c1GINA WEB, de manera libre y voluntaria, expl\u00edcita o impl\u00edcitamente&nbsp;<strong><u>ACEPTA&nbsp;<\/u><\/strong>lo siguiente como \u201cAviso Legal\u201d&nbsp; que regula el uso y utilizaci\u00f3n del Portal, al que se accede a trav\u00e9s de la direcci\u00f3n&nbsp;<strong><em>www.vecinitasregias.com<\/em><\/strong><\/p>\n\n\n\n<p><strong><u>ACEPTA<\/u><\/strong>&nbsp;1.- Que la definici\u00f3n de la terminolog\u00eda usada en esta p\u00e1gina es la siguiente:<\/p>\n\n\n\n<p>a.- USUARIO VISUALIZANTE de la web: Toda aquella persona o grupo de personas que de manera directa o indirecta vean, visualicen, utilicen y\/o escuchen el contenido de la publicidad inmersa en el sitio web identificado como&nbsp;<strong><em>\u00a9vecinitasregias.com<\/em><\/strong>&nbsp;Y se le atribuir\u00e1 la condici\u00f3n de usuario de la Web, en adelante el \u201cUsuario\u201d, e implica la aceptaci\u00f3n plena y sin reservas de todas y cada una de las disposiciones incluidas en este Aviso Legal en el momento mismo en que el \u201cUsuario\u201d acceda a la Web. En consecuencia, el Usuario debe leer atentamente el Aviso Legal en cada una de las ocasiones en que se proponga utilizar la Web, ya que puede sufrir modificaciones<\/p>\n\n\n\n<p>b.- PAGINA DE PRESENTACI\u00d3N: Una pantalla introductoria en la&nbsp;<strong><em>www&nbsp;<\/em><\/strong>(world wide web) para dar la bienvenida a los visitantes, que por lo general incluye el \u201caviso legal\u201d de uso del portal y\/o texto destacado o gr\u00e1ficos que lo remiten a informaci\u00f3n relacionada en otras p\u00e1ginas de la web<\/p>\n\n\n\n<p>&nbsp;c.- TERCEROS: Por \u201cterceros\u201d se entender\u00e1 a quien contrata exclusivamente con la p\u00e1gina la prestaci\u00f3n de servicios profesionales de car\u00e1cter personal.<\/p>\n\n\n\n<p>&nbsp;d.- ADULTO: Cualquier persona f\u00edsica que por las leyes vigentes en el lugar en donde acceda al sitio web&nbsp;<strong><em>\u00a9vecinitasregias.com<\/em><\/strong>&nbsp;es considerada como que ha pasado la adolescencia y que biol\u00f3gicamente ha desarrollado sus funciones vitales, tanto org\u00e1nicas como ps\u00edquicas.&nbsp;<\/p>\n\n\n\n<p>&nbsp;e. ESTA PAGINA: Nos referimos exclusivamente a la p\u00e1gina<strong><em>\u00a9vecinitasregias.com<\/em><\/strong>.<\/p>\n\n\n\n<p>&nbsp;f. P\u00c1GINA PERSONAL: una p\u00e1gina web o un sitio web externo, hospedado en un lugar ajeno a&nbsp;<strong><em>\u00a9vecinitasregias.com<\/em><\/strong>y que pudiese estar vinculado o referenciado dentro de alguna p\u00e1gina de<strong><em>&nbsp;\u00a9vecinitasregias.com<\/em><\/strong>.<\/p>\n\n\n\n<p>&nbsp;g. CANAL PERSONAL: El espacio o p\u00e1gina en la cual se muestran datos y fotograf\u00edas espec\u00edficos de un anunciante en esta p\u00e1gina.<\/p>\n\n\n\n<p>&nbsp;h.DELITO DE TRATA DE PERSONAS: Este delito consiste en el traslado forzoso o por enga\u00f1o de una o varias personas de su lugar de origen (ya sea a nivel interno de un pa\u00eds o transnacional), la privaci\u00f3n total o parcial de su libertad y la explotaci\u00f3n laboral, sexual o similar.<\/p>\n\n\n\n<p>En el&nbsp;<strong><em>Protocolo para Prevenir, Reprimir y Sancionar la Trata de Personas, especialmente Mujeres y Ni\u00f1os<\/em><\/strong>, es definida como&nbsp;<em>\u201cla captaci\u00f3n, el transporte, la acogida, o la recepci\u00f3n de personas, recurriendo a la amenaza o al uso de la fuerza y otras formas de coacci\u00f3n, al rapto, el fraude, al enga\u00f1o, al abuso de poder o de una situaci\u00f3n de vulnerabilidad o a la concesi\u00f3n o recepci\u00f3n de pagos o beneficios para obtener el consentimiento de una persona que tenga autoridad sobre otra, con fines de explotaci\u00f3n\u201d.<\/em><\/p>\n\n\n\n<p><strong><u>ACEPTA<\/u><\/strong>&nbsp;2.- Que su contenido es estrictamente para&nbsp;los considerados&nbsp;adultos&nbsp;en el pa\u00eds en donde se vea esta p\u00e1gina,ejemplo:&nbsp;en la Rep\u00fablica Mexicana, mayor de 18 a\u00f1os de edad cumplidos, en los Estados Unidos de Norteam\u00e9rica 21 a\u00f1os\u2026 etc.<\/p>\n\n\n\n<p><strong><u>ACEPTA<\/u><\/strong>&nbsp;3.- Que no se siente ofendido por el hecho de que esta p\u00e1gina contenga desnudos del cuerpo humano, por lo cual si Usted es o se siente ofendido por esa situaci\u00f3n, no entre a esta p\u00e1gina WEB.<\/p>\n\n\n\n<p><strong><u>ACEPTA<\/u><\/strong>&nbsp;4.- Que e<strong><em>sta p\u00e1gina<\/em><\/strong>, \u00fanicamente contiene la publicidad&nbsp; de anuncios de personas, mayores de edad&nbsp;en el pa\u00eds en donde se vea la pagina, que ofrecen diversos servicios,&nbsp;algunos&nbsp;de car\u00e1cter sexual, de manera libre y voluntaria, las cuales previamente han expuesto a esta p\u00e1gina que no son objeto de violencia f\u00edsica o moral, enga\u00f1o o el abuso del poder para someterlas a explotaci\u00f3n sexual, trabajos o servicios forzados, esclavitud o practicas an\u00e1logas a la esclavitud, servidumbre o a la extirpaci\u00f3n de un \u00f3rgano, tejido o sus componentes.<\/p>\n\n\n\n<p><strong><u>ACEPTA<\/u><\/strong>&nbsp;5.- Que las personas que ofrecen sus servicios en esta p\u00e1gina, expresamente han manifestado a&nbsp;<strong><em>esta p\u00e1gina<\/em><\/strong>:<\/p>\n\n\n\n<p>a.- Ser mayores de 18 a\u00f1os de edad y bajo su m\u00e1s estricta responsabilidad, en la contrataci\u00f3n de la publicidad, han exhibido a esta p\u00e1gina el original de un documento oficial con fotograf\u00eda, el cual certifica su mayor\u00eda de edad y procedencia.<\/p>\n\n\n\n<p>b.-&nbsp; Han expresado tener capacidad para comprender el significado del hecho, consistente en el&nbsp;<strong><em>Delito de Trata de Personas<\/em><\/strong>&nbsp;o capacidad para resistirlo.<\/p>\n\n\n\n<p>c.- Han se\u00f1alado, mediante un&nbsp; convenio de publicidad que han acordado leer, comprender y firmar, que en<strong><em>&nbsp;esta p\u00e1gina<\/em><\/strong>NO&nbsp;han sido, son o pudieran ser, ofendidos o v\u00edctimas del&nbsp;<strong><em>Delito de Trata de Personas o similares<\/em><\/strong>, en raz\u00f3n de que por su mayor\u00eda de edad y su capacidad de comprender el significado de los hechos o capacidad para resistirlo, de, manera libre y voluntaria, para s\u00ed y por si, ofrecen sus&nbsp;o los&nbsp;servicios&nbsp;que en su&nbsp;<strong>canal personal<\/strong>&nbsp;especifican.<\/p>\n\n\n\n<figure class=\"wp-block-table\"><table><tbody><tr><td>Para el territorio de los Estados Unidos Mexicanos:<strong><u>ACEPTA<\/u><\/strong>&nbsp;6.- Que tiene pleno conocimiento, por ser de orden p\u00fablico, que el articulo 5 y 6&nbsp; de la&nbsp;<em>Ley Para Prevenir y Sancionar la Trata de Personas<\/em>, incluso con su reforma de 15 de marzo de 2011, establece penas m\u00ednimas de 6 hasta un m\u00e1ximo de 18 a\u00f1os de prisi\u00f3n, que podr\u00e1n incrementarse hasta en una mitad, si quien participa en el delito es un servidor p\u00fablico que se vale de la funci\u00f3n p\u00fablica para cometerlo o que tenga parentesco por consanguinidad, afinidad, o civil o habita en el mismo domicilio con la v\u00edctima, aunque no existiera parentesco alguno, o sea tutor o curador de la v\u00edctima.ART\u00cdCULO 5.- &#8230;.La persona que contrate publicidad por cualquier medio de comunicaci\u00f3n, as\u00ed como la persona que publique anuncios, que encuadren en alguna de las conductas del&nbsp;<strong><em>delito de trata de personas<\/em><\/strong>&nbsp;ser\u00e1 sancionada conforme a lo dispuesto en el art\u00edculo 6 de esta ley.ART\u00cdCULO 6.- A quien cometa el delito de trata de personas se le aplicar\u00e1n:I. De 6 a 12 a\u00f1os de prisi\u00f3n y de 500 a 1000 d\u00edas multa;II. De 9 a 18 a\u00f1os de prisi\u00f3n y de 750 a 2250 d\u00edas multa, si el delito es cometido en contra de una persona menor de 18 a\u00f1os de edad o en contra de persona que no tenga capacidad para comprender el significado del hecho o capacidad para resistirlo;III. Las penas que resulten de las fracciones I y II de este art\u00edculo se incrementar\u00e1n hasta en una mitad:a) Si el agente se valiese de la funci\u00f3n p\u00fablica que tuviere o hubiese ostentado sin tener la calidad de servidor p\u00fablico. Adem\u00e1s, se impondr\u00e1 al servidor p\u00fablico la destituci\u00f3n del empleo, cargo o comisi\u00f3n p\u00fablicos e inhabilitaci\u00f3n para desempe\u00f1ar otro hasta por un tiempo igual al de la pena de prisi\u00f3n impuesta;&nbsp; o cuando la v\u00edctima sea persona mayor de 60 de edad; o se trate de persona ind\u00edgena;b) Cuando el sujeto activo del delito tenga parentesco por consanguinidad, afinidad o civil o habite en el mismo domicilio con la v\u00edctima, aunque no existiera parentesco alguno, o sea tutor o curador de la v\u00edctima; adem\u00e1s, seg\u00fan las circunstancias del hecho, podr\u00e1 perder la patria potestad, el derecho a alimentos que le correspondiera por su relaci\u00f3n con la v\u00edctima y el derecho que pudiere tener respecto a los bienes de \u00e9sta.Cuando en la comisi\u00f3n del delito de trata de personas concurra otro delito, se aplicar\u00e1n las reglas del&nbsp; concurso establecidas en el&nbsp;<strong><em>Libro Primero<\/em><\/strong>&nbsp;del&nbsp;<strong><em>C\u00f3digo Penal Federal<\/em><\/strong>.El consentimiento otorgado por la v\u00edctima se regir\u00e1 en t\u00e9rminos del art\u00edculo&nbsp;<strong><em>15 fracci\u00f3n III<\/em><\/strong>&nbsp;del&nbsp;<strong><em>C\u00f3digo Penal Federal<\/em><\/strong>.&nbsp;<strong><u>ACEPTA<\/u><\/strong>&nbsp;7.- Que la persona que ofrece sus servicios, para los efectos de la publicidad en esta p\u00e1gina, expresamente otorga su consentimiento de la manera m\u00e1s amplia, para los efectos a que se refiere el art\u00edculo 15, fracci\u00f3n 3\u00aa del C\u00f3digo Penal Federal que dice:Articulo 15. El delito se excluye cuando:iii. Se act\u00fae con el consentimiento del titular del bien jur\u00eddico afectado, siempre que se llenen los siguientes requisitos:a) que el bien jur\u00eddico sea disponible;b) que el titular del bien tenga la capacidad jur\u00eddica para disponer libremente del mismo; yc) que el consentimiento sea expreso o t\u00e1cito y sin que medie alg\u00fan vicio; o bien, que el hecho se realice en circunstancias tales que permitan fundadamente presumir que, de haberse consultado al titular, este hubiese otorgado el mismo;<\/td><\/tr><\/tbody><\/table><\/figure>\n\n\n\n<p>&nbsp;<strong><u>ACEPTA<\/u><\/strong>&nbsp;8.- Que no existe vinculaci\u00f3n de ninguna naturaleza, de la p\u00e1gina&nbsp;<strong><em>\u00a9vecinitasregias.com<\/em><\/strong>con la p\u00e1gina personal vinculada dentro del canal personal de quienes, por medio de este, ofrecen sus servicios, aun de car\u00e1cter sexual.<\/p>\n\n\n\n<p>&nbsp;<strong><u>ACEPTA<\/u><\/strong>&nbsp;9.- Que La p\u00e1gina personal de quien ofrece sus servicios no tiene enlace o vinculo alguno con&nbsp;<strong><em>\u00a9vecinitasregias.com<\/em><\/strong>, incluso a trav\u00e9s de terceras personas, por lo cual la pagina principal&nbsp;<strong><em>\u00a9vecinitasregias.com<\/em><\/strong>, no otorgo, previamente y ni se entero del contenido, por ende tampoco autoriz\u00f3, el espacio y contenido de la p\u00e1gina personal cuya tem\u00e1tica es, o puede ser, totalmente distinta a la p\u00e1gina principal de&nbsp;<strong><em>\u00a9vecinitasregias.com<\/em><\/strong>.<\/p>\n\n\n\n<p>&nbsp;<strong><u>ACEPTA<\/u><\/strong>&nbsp;10.- Que si bien es cierto, que&nbsp;<strong><em>\u00a9vecinitasregias.com<\/em><\/strong>anuncia personas desnudas y proporciona datos para su localizaci\u00f3n, la p\u00e1gina NO OFRECE SERVICIOS DE PROSTITUCI\u00d3N, no obstante, para el caso de que en las PAGINAS PERSONALES de esas personas de quienes ofrecen servicios se trate de prostituci\u00f3n, las mismas&nbsp;<strong><u>no pertenecen<\/u><\/strong>&nbsp;a&nbsp;<strong><em>\u00a9vecinitasregias.com<\/em><\/strong>, porque son externas, y residen en un sitio ajeno a los sistemas electr\u00f3nicos de&nbsp;<strong><em>\u00a9vecinitasregias.com<\/em><\/strong><\/p>\n\n\n\n<p>&nbsp;<strong><u>ACEPTA<\/u><\/strong>&nbsp;11.- Que<strong><em>&nbsp;\u00a9vecinitasregias.com<\/em><\/strong>no tiene participaci\u00f3n alguna en los ofrecimientos de servicios sexuales que pudieran llegar a hacerse por las personas anunciadas en sus p\u00e1ginas personales.<\/p>\n\n\n\n<p>&nbsp;<strong><u>ACEPTA<\/u><\/strong>&nbsp;12.- Que<strong><em>&nbsp;\u00a9vecinitasregias.com<\/em><\/strong>a trav\u00e9s de su p\u00e1gina no realiza ni fomenta actividad alguna de prostituci\u00f3n. Su pr\u00e1ctica, en su caso, es responsabilidad exclusiva y personal, de manera libre y voluntaria de quien la ofrece y de quien la contrata de manera gratuita o con remuneraci\u00f3n econ\u00f3mica.<\/p>\n\n\n\n<p>&nbsp;<strong><u>ACEPTA<\/u><\/strong>&nbsp;13.- Que<strong><em>&nbsp;\u00a9vecinitasregias.com<\/em><\/strong>respetuosos de la legislaci\u00f3n mexicana, expresa su apoyo a la autoridad o autoridades que se encuentren facultadas para que realicen sus actividades de investigaci\u00f3n, procesamiento y sanci\u00f3n por violaci\u00f3n a disposiciones administrativas y la comisi\u00f3n de delito o delitos, espec\u00edficamente, en relaci\u00f3n a todos los considerados como&nbsp;<strong><em>delito de trata de personas<\/em><\/strong>.<\/p>\n\n\n\n<p>&nbsp;<strong><u>ACEPTA<\/u><\/strong>&nbsp;14.- Que cualquier circunstancia que estime&nbsp;<strong><em>\u00a9vecinitasregias.com<\/em><\/strong>podr\u00eda constituir conductas administrativas o penales, se reserva la potestad de eliminar total o parcialmente la informaci\u00f3n publicada en el canal personal.<\/p>\n\n\n\n<p>&nbsp;<strong><u>ACEPTA<\/u><\/strong>&nbsp;15.- Que usted, como el usuario vidente, conoce el contenido de todas y cada una de las disposiciones para la publicidad que solicita de los servicios que ofrece, por tanto, al ingresar a este sitio web, expresa y t\u00e1citamente, acepta su contenido y las consecuencias legales para el caso de no cumplir con las mismas.<\/p>\n\n\n\n<p>Por todo lo anterior, esta p\u00e1gina, no acepta y no contiene&nbsp;<strong><em>Contrato de Publicidad&nbsp;<\/em><\/strong>alguno, ni constituye&nbsp;<strong><em>Anuncio&nbsp;<\/em><\/strong>general o especifico, en relaci\u00f3n a las conductas&nbsp;<strong><em>(acciones u omisiones)<\/em><\/strong>&nbsp;precisadas en el punto 3 que antecede. Toda vez que esta p\u00e1gina no&nbsp;<em>promueve, solicita, ofrece, facilita, consigna, traslada, entrega o recibe<\/em>, para s\u00ed o para un tercero, a una persona por medio de la violencia&nbsp;<em>f\u00edsica o moral, enga\u00f1o&nbsp;<\/em>o&nbsp;<em>el abuso del poder,<\/em>&nbsp;para someterla a&nbsp;<em>explotaci\u00f3n sexual, trabajos&nbsp;<\/em>o&nbsp;<em>servicios forzados, esclavitud&nbsp;<\/em>o<em>&nbsp;practicas an\u00e1logas a la esclavitud, servidumbre&nbsp;<\/em>o<em>&nbsp;la extirpaci\u00f3n de un \u00f3rgano, tejido&nbsp;<\/em>o<em>&nbsp;sus componentes.<\/em>&nbsp;Por ello<strong><em>&nbsp;\u00a9vecinitasregias.com<\/em><\/strong>informa a los usuarios de su p\u00e1gina que cuenta con atenci\u00f3n gratuita para su orientaci\u00f3n legal en caso de ser v\u00edctimas del&nbsp;<strong><em>delito de trata de personas<\/em><\/strong>, conducta que rechaza abiertamente.<\/p>\n\n\n\n<p><strong><u>NOTA: NO CONTINUE A MENOS QUE CONOZCA LAS LEYES LOCALES APLICABLES DE SU PA\u00cdS PARA ESTE TIPO DE MATERIAL DIRIGIDO A UN PUBLICO ADULTO, Y SE CERCIORE QUE BAJO NINGUNA MANERA ESTA PROHIBIDO POR SUS REGULACIONES LOCALES LA VISUALIZACION DE DICHO MATERIAL.<\/u><\/strong><br><br><strong>Al aceptar este acuerdo, certifico como CIERTO y VERDADERO&nbsp; lo siguiente:<\/strong><\/p>\n\n\n\n<p>1.&nbsp;&nbsp;&nbsp;&nbsp;&nbsp;&nbsp; Tengo 18 a\u00f1os de edad o soy mayor de 18 a\u00f1os.<\/p>\n\n\n\n<p>2.&nbsp;&nbsp;&nbsp;&nbsp;&nbsp;&nbsp; El material dirigido a una audiencia adulta y enfocada a la sexualidad que estoy a punto de acceder es para m\u00ed uso personal y jam\u00e1s expondr\u00e9 a menores de edad a dicho material.<\/p>\n\n\n\n<p>3. Conozco y acepto que como adulto, en atenci\u00f3n al contenido e interpretaci\u00f3n del art\u00edculo de la Constituci\u00f3n Pol\u00edtica de mi pa\u00eds de origen en el que se me da derecho al libre uso de los medios de comunicaci\u00f3n, tengo el derecho innegable para leer o ver cualquier tipo de material o contenido que as\u00ed convenga a mis gustos e intereses y que el material e im\u00e1genes contenidos en este Sitio Web no son obscenos u Ofensivos para el o la suscrita, de ninguna manera, ni podr\u00e1n ser en el futuro interpretados por el o la suscrita como obscenos u ofensivos.<\/p>\n\n\n\n<p>4 . El ver, leer o descargar el material o im\u00e1genes que se almacenan en este Sitio Web no violan las leyes comunitarias de mi lugar de residencia (<em>Calle, Colonia, Ciudad, Estado o Pa\u00eds)<\/em>.<\/p>\n\n\n\n<p>5. Yo soy&nbsp;<strong><u>TOTALMENTE<\/u><\/strong>&nbsp;responsable de cualquier declaraci\u00f3n falsa y responsable de cualquier acci\u00f3n legal que se suscitase por ver, leer o descargar por el o la suscrita el material contenido en este sitio Web y que&nbsp;<strong><em>\u00a9vecinitasregias.com<\/em><\/strong>y sus afiliados no podr\u00e1n ser se\u00f1alados como culpables o responsables de cualquier situaci\u00f3n legal que se suscitase por el o la suscrita por ver, leer o descargar el contenido de este Sitio Web.<\/p>\n\n\n\n<p>6. Reconozco y acepto que colocar cualquier tipo de&nbsp;<strong><em>publicidad<\/em><\/strong>&nbsp;o&nbsp;<strong><em>liga de direcci\u00f3n<\/em><\/strong>&nbsp;a internet, en este Sitio Web y\/o en cualquiera de sus subcategor\u00edas o subp\u00e1ginas &#8211; Sin el consentimiento por escrito de<strong><em>&nbsp;\u00a9vecinitasregias.com<\/em><\/strong>est\u00e1 prohibido y puede resultar en el infringimiento de los derechos de autor y por consiguiente un procedimiento legal.<\/p>\n\n\n\n<p>Esta&nbsp;<strong><em>P\u00e1gina de Advertencia<\/em><\/strong>&nbsp;constituye un&nbsp;<strong><em>ACUERDO<\/em><\/strong><em>&nbsp;<strong>LEGAL<\/strong><\/em>, v\u00eda policitaci\u00f3n, entre&nbsp;<strong><em>\u00a9vecinitasregias.com<\/em><\/strong>y usted, el&nbsp;<strong><em>usuario&nbsp;<\/em><\/strong><strong><em>visualizante<\/em><\/strong>&nbsp;de la p\u00e1gina, as\u00ed como cualquier entidad corporativa o de negocios en la cual usted, el usuario vidente de esta p\u00e1gina, tenga cualquier tipo de participaci\u00f3n y\/o intereses legales. Si alguna porci\u00f3n de este&nbsp;<strong>ACUERDO&nbsp;<\/strong>es considerado inexigible (carente de fuerza ejecutor\u00eda) por alguna&nbsp;<strong><em>Corte o Tribunal con Jurisdicci\u00f3n y competencia<\/em>, NO<\/strong>&nbsp;afectara de ninguna manera ni&nbsp;<strong><u>BAJO NINGUNA CIRCUNSTANCIA<\/u><\/strong>&nbsp;la exigibilidad o fuerza ejecutoria de las dem\u00e1s partes de este&nbsp;<strong>ACUERDO<\/strong>.<br><br>Se le informa que:<\/p>\n\n\n\n<p>I.-&nbsp;<strong>Todas<\/strong>&nbsp;las declaraciones legales y\/o estatutarias necesarias para el buen y legal funcionamiento de este sitio web hechas por&nbsp;<strong><em>\u00a9vecinitasregias.com<\/em><\/strong>y su due\u00f1o y afiliados, podr\u00e1n ser encontradas en este Sitio Web (tales como&nbsp;<em>Pol\u00edticas de Privacidad, T\u00e9rminos y Condiciones de uso, Spam y Pol\u00edtica De Reembolso, Acuerdos, Documentos para an\u00e1lisis\u2026etc, de manera ejemplificativa y no limitativa)<\/em><\/p>\n\n\n\n<p>II.-&nbsp;ESTE ACUERDO SE ENCUENTRA EN EL IDIOMA ESPA\u00d1OL, Y NO ACEPTAREMOS NINGUN TIPO DE ACCION LEGAL O QUEJA QUE SE ORIGINEN DEL MALENTENDIMIENTO DE ESTE CONTRATO COMO RESULTADO DE UNA MALA TRADUCCION.<\/p>\n","protected":false},"excerpt":{"rendered":"<p>TERMINOS Y CONDICIONES QUIEN INGRESE A ESTA P\u00c1GINA WEB, de manera libre y voluntaria, expl\u00edcita o impl\u00edcitamente&nbsp;ACEPTA&nbsp;lo siguiente como \u201cAviso Legal\u201d&nbsp; que regula el uso y utilizaci\u00f3n del Portal, al que se accede a trav\u00e9s de la direcci\u00f3n&nbsp;www.vecinitasregias.com ACEPTA&nbsp;1.- Que la definici\u00f3n de la terminolog\u00eda usada en esta p\u00e1gina es la siguiente: a.- USUARIO VISUALIZANTE [&hellip;]<\/p>\n","protected":false},"author":1,"featured_media":0,"parent":0,"menu_order":0,"comment_status":"closed","ping_status":"closed","template":"","meta":{"spay_email":""},"yoast_head":"<!-- This site is optimized with the Yoast SEO plugin v14.9 - https:\/\/yoast.com\/wordpress\/plugins\/seo\/ -->\n<title>T\u00e9rminos y Condiciones &bull; Vecinitas Regias: Escorts en Monterrey. Conoce el Mejor servicio de scorts regias!<\/title>\n<meta name=\"description\" content=\"Aqu\u00ed encontrar\u00e1s las mejores escorts en Monterrey amateurs e independientes con servicios de acompa\u00f1amiento para todos los gustos. 100% reales y confiables.\" \/>\n<meta name=\"robots\" content=\"index, follow, max-snippet:-1, max-image-preview:large, max-video-preview:-1\" \/>\n<link rel=\"canonical\" href=\"http:\/\/sexoyputasmonterrey.com\/index.php\/terminos-y-condiciones\/\" \/>\n<meta property=\"og:locale\" content=\"es_ES\" \/>\n<meta property=\"og:type\" content=\"article\" \/>\n<meta property=\"og:title\" content=\"T\u00e9rminos y Condiciones &bull; Vecinitas Regias: Escorts en Monterrey. Conoce el Mejor servicio de scorts regias!\" \/>\n<meta property=\"og:description\" content=\"Aqu\u00ed encontrar\u00e1s las mejores escorts en Monterrey amateurs e independientes con servicios de acompa\u00f1amiento para todos los gustos. 100% reales y confiables.\" \/>\n<meta property=\"og:url\" content=\"http:\/\/sexoyputasmonterrey.com\/index.php\/terminos-y-condiciones\/\" \/>\n<meta property=\"og:site_name\" content=\"Vecinitas Regias: Escorts en Monterrey. Conoce el Mejor servicio de scorts regias!\" \/>\n<meta property=\"article:modified_time\" content=\"2020-12-22T20:13:19+00:00\" \/>\n<meta name=\"twitter:card\" content=\"summary_large_image\" \/>\n<script type=\"application\/ld+json\" class=\"yoast-schema-graph\">{\"@context\":\"https:\/\/schema.org\",\"@graph\":[{\"@type\":\"Organization\",\"@id\":\"https:\/\/vecinitasregias.com\/#organization\",\"name\":\"Vecinitas Regias\",\"url\":\"https:\/\/vecinitasregias.com\/\",\"sameAs\":[],\"logo\":{\"@type\":\"ImageObject\",\"@id\":\"https:\/\/vecinitasregias.com\/#logo\",\"inLanguage\":\"es\",\"url\":\"https:\/\/vecinitasregias.com\/wp-content\/uploads\/2020\/09\/logo-vecinitas-regias.png\",\"width\":255,\"height\":93,\"caption\":\"Vecinitas Regias\"},\"image\":{\"@id\":\"https:\/\/vecinitasregias.com\/#logo\"}},{\"@type\":\"WebSite\",\"@id\":\"https:\/\/vecinitasregias.com\/#website\",\"url\":\"https:\/\/vecinitasregias.com\/\",\"name\":\"Vecinitas Regias: Escorts en Monterrey. Conoce el Mejor servicio de scorts regias!\",\"description\":\"Putas, teens, amateur, milfs y mucho m\\u00e1s a tu disposici\\u00f3n\",\"publisher\":{\"@id\":\"https:\/\/vecinitasregias.com\/#organization\"},\"potentialAction\":[{\"@type\":\"SearchAction\",\"target\":\"https:\/\/vecinitasregias.com\/?s={search_term_string}\",\"query-input\":\"required name=search_term_string\"}],\"inLanguage\":\"es\"},{\"@type\":\"WebPage\",\"@id\":\"http:\/\/sexoyputasmonterrey.com\/index.php\/terminos-y-condiciones\/#webpage\",\"url\":\"http:\/\/sexoyputasmonterrey.com\/index.php\/terminos-y-condiciones\/\",\"name\":\"T\\u00e9rminos y Condiciones &bull; Vecinitas Regias: Escorts en Monterrey. Conoce el Mejor servicio de scorts regias!\",\"isPartOf\":{\"@id\":\"https:\/\/vecinitasregias.com\/#website\"},\"datePublished\":\"2020-12-22T20:06:50+00:00\",\"dateModified\":\"2020-12-22T20:13:19+00:00\",\"description\":\"Aqu\\u00ed encontrar\\u00e1s las mejores escorts en Monterrey amateurs e independientes con servicios de acompa\\u00f1amiento para todos los gustos. 100% reales y confiables.\",\"inLanguage\":\"es\",\"potentialAction\":[{\"@type\":\"ReadAction\",\"target\":[\"http:\/\/sexoyputasmonterrey.com\/index.php\/terminos-y-condiciones\/\"]}]}]}<\/script>\n<!-- \/ Yoast SEO plugin. -->","_links":{"self":[{"href":"https:\/\/vecinitasregias.com\/index.php\/wp-json\/wp\/v2\/pages\/19101"}],"collection":[{"href":"https:\/\/vecinitasregias.com\/index.php\/wp-json\/wp\/v2\/pages"}],"about":[{"href":"https:\/\/vecinitasregias.com\/index.php\/wp-json\/wp\/v2\/types\/page"}],"author":[{"embeddable":true,"href":"https:\/\/vecinitasregias.com\/index.php\/wp-json\/wp\/v2\/users\/1"}],"replies":[{"embeddable":true,"href":"https:\/\/vecinitasregias.com\/index.php\/wp-json\/wp\/v2\/comments?post=19101"}],"version-history":[{"count":1,"href":"https:\/\/vecinitasregias.com\/index.php\/wp-json\/wp\/v2\/pages\/19101\/revisions"}],"predecessor-version":[{"id":19102,"href":"https:\/\/vecinitasregias.com\/index.php\/wp-json\/wp\/v2\/pages\/19101\/revisions\/19102"}],"wp:attachment":[{"href":"https:\/\/vecinitasregias.com\/index.php\/wp-json\/wp\/v2\/media?parent=19101"}],"curies":[{"name":"wp","href":"https:\/\/api.w.org\/{rel}","templated":true}]}}